{"id":365,"date":"2019-07-18T09:30:03","date_gmt":"2019-07-18T07:30:03","guid":{"rendered":"https:\/\/edu.program-y.org\/pocetna\/"},"modified":"2021-09-23T10:28:18","modified_gmt":"2021-09-23T08:28:18","slug":"pocetna","status":"publish","type":"page","link":"https:\/\/edu.program-y.org\/sr\/","title":{"rendered":"Po\u010detna"},"content":{"rendered":"\t\t<div data-elementor-type=\"wp-post\" data-elementor-id=\"365\" class=\"elementor elementor-365 elementor-12\">\n\t\t\t\t\t\t<section class=\"elementor-section elementor-top-section elementor-element elementor-element-9a1d1d8 elementor-section-boxed elementor-section-height-default elementor-section-height-default\" data-id=\"9a1d1d8\" data-element_type=\"section\" data-e-type=\"section\">\n\t\t\t\t\t\t<div class=\"elementor-container elementor-column-gap-default\">\n\t\t\t\t\t<div class=\"elementor-column elementor-col-100 elementor-top-column elementor-element elementor-element-74c60ff\" data-id=\"74c60ff\" data-element_type=\"column\" data-e-type=\"column\">\n\t\t\t<div class=\"elementor-widget-wrap elementor-element-populated\">\n\t\t\t\t\t\t<div class=\"elementor-element elementor-element-5a57e53 elementor-widget elementor-widget-image\" data-id=\"5a57e53\" data-element_type=\"widget\" data-e-type=\"widget\" data-widget_type=\"image.default\">\n\t\t\t\t<div class=\"elementor-widget-container\">\n\t\t\t\t\t\t\t\t\t\t\t\t\t\t\t<img fetchpriority=\"high\" decoding=\"async\" width=\"588\" height=\"407\" src=\"https:\/\/edu.program-y.org\/wp-content\/uploads\/programy-homepage.png\" class=\"attachment-large size-large wp-image-2204\" alt=\"Program Y kurs\" srcset=\"https:\/\/edu.program-y.org\/wp-content\/uploads\/programy-homepage.png 588w, https:\/\/edu.program-y.org\/wp-content\/uploads\/programy-homepage-300x208.png 300w\" sizes=\"(max-width: 588px) 100vw, 588px\" \/>\t\t\t\t\t\t\t\t\t\t\t\t\t\t\t<\/div>\n\t\t\t\t<\/div>\n\t\t\t\t<div class=\"elementor-element elementor-element-28f45b8 elementor-widget elementor-widget-text-editor\" data-id=\"28f45b8\" data-element_type=\"widget\" data-e-type=\"widget\" data-widget_type=\"text-editor.default\">\n\t\t\t\t<div class=\"elementor-widget-container\">\n\t\t\t\t\t\t\t\t\t<p>Dobrodo\u0161li na online kurs u okviru projekta Young Men Initiative. Kurs koji \u0107ete upravo zapo\u010deti je deo programa <strong>Gender Transformative Life Skills<\/strong> ili skra\u0107eno <strong>Program Y<\/strong>, koji predstavlja edukativnu platformu za <strong>srednjo\u0161kolce, univerzitete, profesore i vr\u0161nja\u010dke edukatore<\/strong>.<\/p><p>Ovaj edukativni program slu\u017ei kao smernica za inovativni pristup pri prevenciji rodno zasnovanog nasilja, i promovi\u0161e zdrave \u017eivotne stilove za mlade mu\u0161karce i \u017eene.<\/p><p><b>Program Y je akreditovan u Srbiji, Hrvatskoj i Bosni i Hercegovini. Obavezan je za poha\u0111anje za nastavno osoblje u Hercegova\u010dko-neretvanskom Kantonu i Bosansko-podrinjskom Kantonu u Bosni i Hercegovini. 269 nastavnika i nastavnica je uspe\u0161no zavr\u0161ilo treninge programa Y u zemljama Balkana do sada.<\/b><\/p><p>Kroz na\u0161 program pripremamo zainteresovane pojedince da postanu na\u0161i saveznici me\u0111u nastavnicima koji \u0107e trenirati trenere, i zainteresovane mlade osobe koji \u0107e edukovati svoje vr\u0161njake. Verujemo da \u0107e to doprineti stvaranju ve\u0107e sinergije me\u0111u omladinskim organizacijama, \u0161kolama, Ministarstvima obrazovanja, roditeljima i u\u010denicima.<\/p>\t\t\t\t\t\t\t\t<\/div>\n\t\t\t\t<\/div>\n\t\t\t\t\t<\/div>\n\t\t<\/div>\n\t\t\t\t\t<\/div>\n\t\t<\/section>\n\t\t\t\t<\/div>\n\t\t","protected":false},"excerpt":{"rendered":"<p>Dobrodo\u0161li na online kurs u okviru projekta Young Men Initiative. Kurs koji \u0107ete upravo zapo\u010deti je deo programa Gender Transformative Life Skills ili skra\u0107eno Program Y, koji predstavlja edukativnu platformu za srednjo\u0161kolce, univerzitete, profesore i vr\u0161nja\u010dke edukatore. Ovaj edukativni program slu\u017ei kao smernica za inovativni pristup pri prevenciji rodno zasnovanog nasilja, i promovi\u0161e zdrave \u017eivotne [&hellip;]<\/p>\n","protected":false},"author":1,"featured_media":0,"parent":0,"menu_order":0,"comment_status":"closed","ping_status":"closed","template":"","meta":{"inline_featured_image":false,"_monsterinsights_skip_tracking":false,"_monsterinsights_sitenote_active":false,"_monsterinsights_sitenote_note":"","_monsterinsights_sitenote_category":0,"ocean_post_layout":"","ocean_both_sidebars_style":"","ocean_both_sidebars_content_width":0,"ocean_both_sidebars_sidebars_width":0,"ocean_sidebar":"0","ocean_second_sidebar":"0","ocean_disable_margins":"on","ocean_add_body_class":"","ocean_shortcode_before_top_bar":"","ocean_shortcode_after_top_bar":"","ocean_shortcode_before_header":"","ocean_shortcode_after_header":"","ocean_has_shortcode":"","ocean_shortcode_after_title":"","ocean_shortcode_before_footer_widgets":"","ocean_shortcode_after_footer_widgets":"","ocean_shortcode_before_footer_bottom":"","ocean_shortcode_after_footer_bottom":"","ocean_display_top_bar":"off","ocean_display_header":"default","ocean_header_style":"","ocean_center_header_left_menu":"0","ocean_custom_header_template":"0","ocean_custom_logo":0,"ocean_custom_retina_logo":0,"ocean_custom_logo_max_width":0,"ocean_custom_logo_tablet_max_width":0,"ocean_custom_logo_mobile_max_width":0,"ocean_custom_logo_max_height":0,"ocean_custom_logo_tablet_max_height":0,"ocean_custom_logo_mobile_max_height":0,"ocean_header_custom_menu":"0","ocean_menu_typo_font_family":"0","ocean_menu_typo_font_subset":"","ocean_menu_typo_font_size":0,"ocean_menu_typo_font_size_tablet":0,"ocean_menu_typo_font_size_mobile":0,"ocean_menu_typo_font_size_unit":"px","ocean_menu_typo_font_weight":"","ocean_menu_typo_font_weight_tablet":"","ocean_menu_typo_font_weight_mobile":"","ocean_menu_typo_transform":"","ocean_menu_typo_transform_tablet":"","ocean_menu_typo_transform_mobile":"","ocean_menu_typo_line_height":0,"ocean_menu_typo_line_height_tablet":0,"ocean_menu_typo_line_height_mobile":0,"ocean_menu_typo_line_height_unit":"","ocean_menu_typo_spacing":0,"ocean_menu_typo_spacing_tablet":0,"ocean_menu_typo_spacing_mobile":0,"ocean_menu_typo_spacing_unit":"","ocean_menu_link_color":"","ocean_menu_link_color_hover":"","ocean_menu_link_color_active":"","ocean_menu_link_background":"","ocean_menu_link_hover_background":"","ocean_menu_link_active_background":"","ocean_menu_social_links_bg":"","ocean_menu_social_hover_links_bg":"","ocean_menu_social_links_color":"","ocean_menu_social_hover_links_color":"","ocean_disable_title":"on","ocean_disable_heading":"default","ocean_post_title":"Prijava \/ Registracija","ocean_post_subheading":"","ocean_post_title_style":"","ocean_post_title_background_color":"","ocean_post_title_background":0,"ocean_post_title_bg_image_position":"","ocean_post_title_bg_image_attachment":"","ocean_post_title_bg_image_repeat":"","ocean_post_title_bg_image_size":"","ocean_post_title_height":0,"ocean_post_title_bg_overlay":0.5,"ocean_post_title_bg_overlay_color":"","ocean_disable_breadcrumbs":"default","ocean_breadcrumbs_color":"","ocean_breadcrumbs_separator_color":"","ocean_breadcrumbs_links_color":"","ocean_breadcrumbs_links_hover_color":"","ocean_display_footer_widgets":"default","ocean_display_footer_bottom":"default","ocean_custom_footer_template":"0","footnotes":""},"class_list":["post-365","page","type-page","status-publish","hentry","entry"],"yoast_head":"<!-- This site is optimized with the Yoast SEO plugin v26.1.1 - https:\/\/yoast.com\/wordpress\/plugins\/seo\/ -->\n<title>Po\u010detna - Program Y - Education<\/title>\n<meta name=\"robots\" content=\"index, follow, max-snippet:-1, max-image-preview:large, max-video-preview:-1\" \/>\n<link rel=\"canonical\" href=\"https:\/\/edu.program-y.org\/sr\/\" \/>\n<meta property=\"og:locale\" content=\"sr_RS\" \/>\n<meta property=\"og:type\" content=\"article\" \/>\n<meta property=\"og:title\" content=\"Po\u010detna - Program Y - Education\" \/>\n<meta property=\"og:description\" content=\"Dobrodo\u0161li na online kurs u okviru projekta Young Men Initiative. Kurs koji \u0107ete upravo zapo\u010deti je deo programa Gender Transformative Life Skills ili skra\u0107eno Program Y, koji predstavlja edukativnu platformu za srednjo\u0161kolce, univerzitete, profesore i vr\u0161nja\u010dke edukatore. Ovaj edukativni program slu\u017ei kao smernica za inovativni pristup pri prevenciji rodno zasnovanog nasilja, i promovi\u0161e zdrave \u017eivotne [&hellip;]\" \/>\n<meta property=\"og:url\" content=\"https:\/\/edu.program-y.org\/sr\/\" \/>\n<meta property=\"og:site_name\" content=\"Program Y - Education\" \/>\n<meta property=\"article:modified_time\" content=\"2021-09-23T08:28:18+00:00\" \/>\n<meta property=\"og:image\" content=\"https:\/\/edu.program-y.org\/wp-content\/uploads\/programy-homepage.png\" \/>\n<meta name=\"twitter:card\" content=\"summary_large_image\" \/>\n<meta name=\"twitter:label1\" content=\"\u041f\u0440\u043e\u0446\u0435\u045a\u0435\u043d\u043e \u0432\u0440\u0435\u043c\u0435 \u0447\u0438\u0442\u0430\u045a\u0430\" \/>\n\t<meta name=\"twitter:data1\" content=\"1 \u043c\u0438\u043d\u0443\u0442\" \/>\n<script type=\"application\/ld+json\" class=\"yoast-schema-graph\">{\"@context\":\"https:\/\/schema.org\",\"@graph\":[{\"@type\":\"WebPage\",\"@id\":\"https:\/\/edu.program-y.org\/sr\/\",\"url\":\"https:\/\/edu.program-y.org\/sr\/\",\"name\":\"Po\u010detna - Program Y - Education\",\"isPartOf\":{\"@id\":\"https:\/\/edu.program-y.org\/#website\"},\"primaryImageOfPage\":{\"@id\":\"https:\/\/edu.program-y.org\/sr\/#primaryimage\"},\"image\":{\"@id\":\"https:\/\/edu.program-y.org\/sr\/#primaryimage\"},\"thumbnailUrl\":\"https:\/\/edu.program-y.org\/wp-content\/uploads\/programy-homepage.png\",\"datePublished\":\"2019-07-18T07:30:03+00:00\",\"dateModified\":\"2021-09-23T08:28:18+00:00\",\"inLanguage\":\"sr-RS\",\"potentialAction\":[{\"@type\":\"ReadAction\",\"target\":[\"https:\/\/edu.program-y.org\/sr\/\"]}]},{\"@type\":\"ImageObject\",\"inLanguage\":\"sr-RS\",\"@id\":\"https:\/\/edu.program-y.org\/sr\/#primaryimage\",\"url\":\"https:\/\/edu.program-y.org\/wp-content\/uploads\/programy-homepage.png\",\"contentUrl\":\"https:\/\/edu.program-y.org\/wp-content\/uploads\/programy-homepage.png\"},{\"@type\":\"WebSite\",\"@id\":\"https:\/\/edu.program-y.org\/#website\",\"url\":\"https:\/\/edu.program-y.org\/\",\"name\":\"Program Y - Education\",\"description\":\"\",\"publisher\":{\"@id\":\"https:\/\/edu.program-y.org\/#organization\"},\"potentialAction\":[{\"@type\":\"SearchAction\",\"target\":{\"@type\":\"EntryPoint\",\"urlTemplate\":\"https:\/\/edu.program-y.org\/?s={search_term_string}\"},\"query-input\":{\"@type\":\"PropertyValueSpecification\",\"valueRequired\":true,\"valueName\":\"search_term_string\"}}],\"inLanguage\":\"sr-RS\"},{\"@type\":\"Organization\",\"@id\":\"https:\/\/edu.program-y.org\/#organization\",\"name\":\"Program Y - Education\",\"url\":\"https:\/\/edu.program-y.org\/\",\"logo\":{\"@type\":\"ImageObject\",\"inLanguage\":\"sr-RS\",\"@id\":\"https:\/\/edu.program-y.org\/#\/schema\/logo\/image\/\",\"url\":\"https:\/\/edu.program-y.org\/wp-content\/uploads\/logo.svg\",\"contentUrl\":\"https:\/\/edu.program-y.org\/wp-content\/uploads\/logo.svg\",\"caption\":\"Program Y - Education\"},\"image\":{\"@id\":\"https:\/\/edu.program-y.org\/#\/schema\/logo\/image\/\"}}]}<\/script>\n<!-- \/ Yoast SEO plugin. -->","yoast_head_json":{"title":"Po\u010detna - Program Y - Education","robots":{"index":"index","follow":"follow","max-snippet":"max-snippet:-1","max-image-preview":"max-image-preview:large","max-video-preview":"max-video-preview:-1"},"canonical":"https:\/\/edu.program-y.org\/sr\/","og_locale":"sr_RS","og_type":"article","og_title":"Po\u010detna - Program Y - Education","og_description":"Dobrodo\u0161li na online kurs u okviru projekta Young Men Initiative. Kurs koji \u0107ete upravo zapo\u010deti je deo programa Gender Transformative Life Skills ili skra\u0107eno Program Y, koji predstavlja edukativnu platformu za srednjo\u0161kolce, univerzitete, profesore i vr\u0161nja\u010dke edukatore. Ovaj edukativni program slu\u017ei kao smernica za inovativni pristup pri prevenciji rodno zasnovanog nasilja, i promovi\u0161e zdrave \u017eivotne [&hellip;]","og_url":"https:\/\/edu.program-y.org\/sr\/","og_site_name":"Program Y - Education","article_modified_time":"2021-09-23T08:28:18+00:00","og_image":[{"url":"https:\/\/edu.program-y.org\/wp-content\/uploads\/programy-homepage.png","type":"","width":"","height":""}],"twitter_card":"summary_large_image","twitter_misc":{"\u041f\u0440\u043e\u0446\u0435\u045a\u0435\u043d\u043e \u0432\u0440\u0435\u043c\u0435 \u0447\u0438\u0442\u0430\u045a\u0430":"1 \u043c\u0438\u043d\u0443\u0442"},"schema":{"@context":"https:\/\/schema.org","@graph":[{"@type":"WebPage","@id":"https:\/\/edu.program-y.org\/sr\/","url":"https:\/\/edu.program-y.org\/sr\/","name":"Po\u010detna - Program Y - Education","isPartOf":{"@id":"https:\/\/edu.program-y.org\/#website"},"primaryImageOfPage":{"@id":"https:\/\/edu.program-y.org\/sr\/#primaryimage"},"image":{"@id":"https:\/\/edu.program-y.org\/sr\/#primaryimage"},"thumbnailUrl":"https:\/\/edu.program-y.org\/wp-content\/uploads\/programy-homepage.png","datePublished":"2019-07-18T07:30:03+00:00","dateModified":"2021-09-23T08:28:18+00:00","inLanguage":"sr-RS","potentialAction":[{"@type":"ReadAction","target":["https:\/\/edu.program-y.org\/sr\/"]}]},{"@type":"ImageObject","inLanguage":"sr-RS","@id":"https:\/\/edu.program-y.org\/sr\/#primaryimage","url":"https:\/\/edu.program-y.org\/wp-content\/uploads\/programy-homepage.png","contentUrl":"https:\/\/edu.program-y.org\/wp-content\/uploads\/programy-homepage.png"},{"@type":"WebSite","@id":"https:\/\/edu.program-y.org\/#website","url":"https:\/\/edu.program-y.org\/","name":"Program Y - Education","description":"","publisher":{"@id":"https:\/\/edu.program-y.org\/#organization"},"potentialAction":[{"@type":"SearchAction","target":{"@type":"EntryPoint","urlTemplate":"https:\/\/edu.program-y.org\/?s={search_term_string}"},"query-input":{"@type":"PropertyValueSpecification","valueRequired":true,"valueName":"search_term_string"}}],"inLanguage":"sr-RS"},{"@type":"Organization","@id":"https:\/\/edu.program-y.org\/#organization","name":"Program Y - Education","url":"https:\/\/edu.program-y.org\/","logo":{"@type":"ImageObject","inLanguage":"sr-RS","@id":"https:\/\/edu.program-y.org\/#\/schema\/logo\/image\/","url":"https:\/\/edu.program-y.org\/wp-content\/uploads\/logo.svg","contentUrl":"https:\/\/edu.program-y.org\/wp-content\/uploads\/logo.svg","caption":"Program Y - Education"},"image":{"@id":"https:\/\/edu.program-y.org\/#\/schema\/logo\/image\/"}}]}},"_links":{"self":[{"href":"https:\/\/edu.program-y.org\/sr\/wp-json\/wp\/v2\/pages\/365","targetHints":{"allow":["GET"]}}],"collection":[{"href":"https:\/\/edu.program-y.org\/sr\/wp-json\/wp\/v2\/pages"}],"about":[{"href":"https:\/\/edu.program-y.org\/sr\/wp-json\/wp\/v2\/types\/page"}],"author":[{"embeddable":true,"href":"https:\/\/edu.program-y.org\/sr\/wp-json\/wp\/v2\/users\/1"}],"replies":[{"embeddable":true,"href":"https:\/\/edu.program-y.org\/sr\/wp-json\/wp\/v2\/comments?post=365"}],"version-history":[{"count":25,"href":"https:\/\/edu.program-y.org\/sr\/wp-json\/wp\/v2\/pages\/365\/revisions"}],"predecessor-version":[{"id":3153,"href":"https:\/\/edu.program-y.org\/sr\/wp-json\/wp\/v2\/pages\/365\/revisions\/3153"}],"wp:attachment":[{"href":"https:\/\/edu.program-y.org\/sr\/wp-json\/wp\/v2\/media?parent=365"}],"curies":[{"name":"wp","href":"https:\/\/api.w.org\/{rel}","templated":true}]}}